{"id":20,"date":"2026-01-04T15:55:59","date_gmt":"2026-01-04T15:55:59","guid":{"rendered":"https:\/\/losstre.uk.com\/?page_id=20"},"modified":"2026-01-04T17:56:15","modified_gmt":"2026-01-04T17:56:15","slug":"trang-chu","status":"publish","type":"page","link":"https:\/\/losstre.uk.com\/","title":{"rendered":"Trang Ch\u1ee7"},"content":{"rendered":"\n\t<section class=\"section\" id=\"section_659826929\">\n\t\t<div class=\"section-bg fill\" >\n\t\t\t\t\t\t\t\t\t\n\t\t\t\n\n\t\t<\/div>\n\n\t\t\n\n\t\t<div class=\"section-content relative\">\n\t\t\t\n<div class=\"slider-wrapper relative\" id=\"slider-7515596\" >\n    <div class=\"slider slider-nav-circle slider-nav-large slider-nav-light slider-style-normal\"\n        data-flickity-options='{\n            \"cellAlign\": \"center\",\n            \"imagesLoaded\": true,\n            \"lazyLoad\": 1,\n            \"freeScroll\": false,\n            \"wrapAround\": true,\n            \"autoPlay\": 6000,\n            \"pauseAutoPlayOnHover\" : true,\n            \"prevNextButtons\": true,\n            \"contain\" : true,\n            \"adaptiveHeight\" : true,\n            \"dragThreshold\" : 10,\n            \"percentPosition\": true,\n            \"pageDots\": true,\n            \"rightToLeft\": false,\n            \"draggable\": true,\n            \"selectedAttraction\": 0.1,\n            \"parallax\" : 0,\n            \"friction\": 0.6        }'\n        >\n        \n\t<div class=\"img has-hover x md-x lg-x y md-y lg-y\" id=\"image_1907032506\">\n\t\t<a class=\"\" href=\"https:\/\/losstre.uk.com\/link\/1\" target=\"_blank\" rel=\"noopener\" >\t\t\t\t\t\t<div class=\"img-inner dark\" >\n\t\t\t<img loading=\"lazy\" decoding=\"async\" width=\"1920\" height=\"450\" src=\"https:\/\/losstre.uk.com\/wp-content\/uploads\/2026\/01\/kk55-anh-1.webp\" class=\"attachment-original size-original\" alt=\"\" srcset=\"https:\/\/losstre.uk.com\/wp-content\/uploads\/2026\/01\/kk55-anh-1.webp 1920w, https:\/\/losstre.uk.com\/wp-content\/uploads\/2026\/01\/kk55-anh-1-300x70.webp 300w, https:\/\/losstre.uk.com\/wp-content\/uploads\/2026\/01\/kk55-anh-1-1024x240.webp 1024w, https:\/\/losstre.uk.com\/wp-content\/uploads\/2026\/01\/kk55-anh-1-768x180.webp 768w, https:\/\/losstre.uk.com\/wp-content\/uploads\/2026\/01\/kk55-anh-1-1536x360.webp 1536w\" sizes=\"auto, (max-width: 1920px) 100vw, 1920px\" \/>\t\t\t\t\t\t\n\t\t\t\t\t<\/div>\n\t\t\t\t\t\t<\/a>\t\t\n<style>\n#image_1907032506 {\n  width: 100%;\n}\n<\/style>\n\t<\/div>\n\t\n\t<div class=\"img has-hover x md-x lg-x y md-y lg-y\" id=\"image_1304794082\">\n\t\t<a class=\"\" href=\"https:\/\/losstre.uk.com\/link\/1\" target=\"_blank\" rel=\"noopener\" >\t\t\t\t\t\t<div class=\"img-inner dark\" >\n\t\t\t<img loading=\"lazy\" decoding=\"async\" width=\"1920\" height=\"450\" src=\"https:\/\/losstre.uk.com\/wp-content\/uploads\/2026\/01\/kk55-anh-2.webp\" class=\"attachment-original size-original\" alt=\"\" srcset=\"https:\/\/losstre.uk.com\/wp-content\/uploads\/2026\/01\/kk55-anh-2.webp 1920w, https:\/\/losstre.uk.com\/wp-content\/uploads\/2026\/01\/kk55-anh-2-300x70.webp 300w, https:\/\/losstre.uk.com\/wp-content\/uploads\/2026\/01\/kk55-anh-2-1024x240.webp 1024w, https:\/\/losstre.uk.com\/wp-content\/uploads\/2026\/01\/kk55-anh-2-768x180.webp 768w, https:\/\/losstre.uk.com\/wp-content\/uploads\/2026\/01\/kk55-anh-2-1536x360.webp 1536w\" sizes=\"auto, (max-width: 1920px) 100vw, 1920px\" \/>\t\t\t\t\t\t\n\t\t\t\t\t<\/div>\n\t\t\t\t\t\t<\/a>\t\t\n<style>\n#image_1304794082 {\n  width: 100%;\n}\n<\/style>\n\t<\/div>\n\t\n\t<div class=\"img has-hover x md-x lg-x y md-y lg-y\" id=\"image_1603239846\">\n\t\t<a class=\"\" href=\"https:\/\/losstre.uk.com\/link\/1\" target=\"_blank\" rel=\"noopener\" >\t\t\t\t\t\t<div class=\"img-inner dark\" >\n\t\t\t<img loading=\"lazy\" decoding=\"async\" width=\"1920\" height=\"450\" src=\"https:\/\/losstre.uk.com\/wp-content\/uploads\/2026\/01\/kk55-anh-3.webp\" class=\"attachment-original size-original\" alt=\"\" srcset=\"https:\/\/losstre.uk.com\/wp-content\/uploads\/2026\/01\/kk55-anh-3.webp 1920w, https:\/\/losstre.uk.com\/wp-content\/uploads\/2026\/01\/kk55-anh-3-300x70.webp 300w, https:\/\/losstre.uk.com\/wp-content\/uploads\/2026\/01\/kk55-anh-3-1024x240.webp 1024w, https:\/\/losstre.uk.com\/wp-content\/uploads\/2026\/01\/kk55-anh-3-768x180.webp 768w, https:\/\/losstre.uk.com\/wp-content\/uploads\/2026\/01\/kk55-anh-3-1536x360.webp 1536w\" sizes=\"auto, (max-width: 1920px) 100vw, 1920px\" \/>\t\t\t\t\t\t\n\t\t\t\t\t<\/div>\n\t\t\t\t\t\t<\/a>\t\t\n<style>\n#image_1603239846 {\n  width: 100%;\n}\n<\/style>\n\t<\/div>\n\t\n\t<div class=\"img has-hover x md-x lg-x y md-y lg-y\" id=\"image_1455207470\">\n\t\t<a class=\"\" href=\"https:\/\/losstre.uk.com\/link\/1\" target=\"_blank\" rel=\"noopener\" >\t\t\t\t\t\t<div class=\"img-inner dark\" >\n\t\t\t<img loading=\"lazy\" decoding=\"async\" width=\"1920\" height=\"450\" src=\"https:\/\/losstre.uk.com\/wp-content\/uploads\/2026\/01\/kk55-anh-4.webp\" class=\"attachment-original size-original\" alt=\"kk55-com.com\" srcset=\"https:\/\/losstre.uk.com\/wp-content\/uploads\/2026\/01\/kk55-anh-4.webp 1920w, https:\/\/losstre.uk.com\/wp-content\/uploads\/2026\/01\/kk55-anh-4-300x70.webp 300w, https:\/\/losstre.uk.com\/wp-content\/uploads\/2026\/01\/kk55-anh-4-1024x240.webp 1024w, https:\/\/losstre.uk.com\/wp-content\/uploads\/2026\/01\/kk55-anh-4-768x180.webp 768w, https:\/\/losstre.uk.com\/wp-content\/uploads\/2026\/01\/kk55-anh-4-1536x360.webp 1536w\" sizes=\"auto, (max-width: 1920px) 100vw, 1920px\" \/>\t\t\t\t\t\t\n\t\t\t\t\t<\/div>\n\t\t\t\t\t\t<\/a>\t\t\n<style>\n#image_1455207470 {\n  width: 100%;\n}\n<\/style>\n\t<\/div>\n\t\n\t<div class=\"img has-hover x md-x lg-x y md-y lg-y\" id=\"image_832464407\">\n\t\t<a class=\"\" href=\"https:\/\/losstre.uk.com\/link\/1\" target=\"_blank\" rel=\"noopener\" >\t\t\t\t\t\t<div class=\"img-inner dark\" >\n\t\t\t<img loading=\"lazy\" decoding=\"async\" width=\"1920\" height=\"450\" src=\"https:\/\/losstre.uk.com\/wp-content\/uploads\/2026\/01\/kk55-anh-5.webp\" class=\"attachment-original size-original\" alt=\"kk55-com.com\" srcset=\"https:\/\/losstre.uk.com\/wp-content\/uploads\/2026\/01\/kk55-anh-5.webp 1920w, https:\/\/losstre.uk.com\/wp-content\/uploads\/2026\/01\/kk55-anh-5-300x70.webp 300w, https:\/\/losstre.uk.com\/wp-content\/uploads\/2026\/01\/kk55-anh-5-1024x240.webp 1024w, https:\/\/losstre.uk.com\/wp-content\/uploads\/2026\/01\/kk55-anh-5-768x180.webp 768w, https:\/\/losstre.uk.com\/wp-content\/uploads\/2026\/01\/kk55-anh-5-1536x360.webp 1536w\" sizes=\"auto, (max-width: 1920px) 100vw, 1920px\" \/>\t\t\t\t\t\t\n\t\t\t\t\t<\/div>\n\t\t\t\t\t\t<\/a>\t\t\n<style>\n#image_832464407 {\n  width: 100%;\n}\n<\/style>\n\t<\/div>\n\t\n\t<div class=\"img has-hover x md-x lg-x y md-y lg-y\" id=\"image_2044699504\">\n\t\t<a class=\"\" href=\"https:\/\/losstre.uk.com\/link\/1\" target=\"_blank\" rel=\"noopener\" >\t\t\t\t\t\t<div class=\"img-inner dark\" >\n\t\t\t<img loading=\"lazy\" decoding=\"async\" width=\"1920\" height=\"450\" src=\"https:\/\/losstre.uk.com\/wp-content\/uploads\/2026\/01\/kk55-anh-6.webp\" class=\"attachment-original size-original\" alt=\"kk55-com.com\" srcset=\"https:\/\/losstre.uk.com\/wp-content\/uploads\/2026\/01\/kk55-anh-6.webp 1920w, https:\/\/losstre.uk.com\/wp-content\/uploads\/2026\/01\/kk55-anh-6-300x70.webp 300w, https:\/\/losstre.uk.com\/wp-content\/uploads\/2026\/01\/kk55-anh-6-1024x240.webp 1024w, https:\/\/losstre.uk.com\/wp-content\/uploads\/2026\/01\/kk55-anh-6-768x180.webp 768w, https:\/\/losstre.uk.com\/wp-content\/uploads\/2026\/01\/kk55-anh-6-1536x360.webp 1536w\" sizes=\"auto, (max-width: 1920px) 100vw, 1920px\" \/>\t\t\t\t\t\t\n\t\t\t\t\t<\/div>\n\t\t\t\t\t\t<\/a>\t\t\n<style>\n#image_2044699504 {\n  width: 100%;\n}\n<\/style>\n\t<\/div>\n\t\n\t<div class=\"img has-hover x md-x lg-x y md-y lg-y\" id=\"image_1745132031\">\n\t\t<a class=\"\" href=\"https:\/\/losstre.uk.com\/link\/1\" target=\"_blank\" rel=\"noopener\" >\t\t\t\t\t\t<div class=\"img-inner dark\" >\n\t\t\t<img loading=\"lazy\" decoding=\"async\" width=\"1920\" height=\"450\" src=\"https:\/\/losstre.uk.com\/wp-content\/uploads\/2026\/01\/kk55-anh-7.webp\" class=\"attachment-original size-original\" alt=\"kk55-com.com\" srcset=\"https:\/\/losstre.uk.com\/wp-content\/uploads\/2026\/01\/kk55-anh-7.webp 1920w, https:\/\/losstre.uk.com\/wp-content\/uploads\/2026\/01\/kk55-anh-7-300x70.webp 300w, https:\/\/losstre.uk.com\/wp-content\/uploads\/2026\/01\/kk55-anh-7-1024x240.webp 1024w, https:\/\/losstre.uk.com\/wp-content\/uploads\/2026\/01\/kk55-anh-7-768x180.webp 768w, https:\/\/losstre.uk.com\/wp-content\/uploads\/2026\/01\/kk55-anh-7-1536x360.webp 1536w\" sizes=\"auto, (max-width: 1920px) 100vw, 1920px\" \/>\t\t\t\t\t\t\n\t\t\t\t\t<\/div>\n\t\t\t\t\t\t<\/a>\t\t\n<style>\n#image_1745132031 {\n  width: 100%;\n}\n<\/style>\n\t<\/div>\n\t\n\t<div class=\"img has-hover x md-x lg-x y md-y lg-y\" id=\"image_1575574924\">\n\t\t<a class=\"\" href=\"https:\/\/losstre.uk.com\/link\/1\" target=\"_blank\" rel=\"noopener\" >\t\t\t\t\t\t<div class=\"img-inner dark\" >\n\t\t\t<img loading=\"lazy\" decoding=\"async\" width=\"1920\" height=\"450\" src=\"https:\/\/losstre.uk.com\/wp-content\/uploads\/2026\/01\/kk55-anh-8.webp\" class=\"attachment-original size-original\" alt=\"kk55-com.com\" srcset=\"https:\/\/losstre.uk.com\/wp-content\/uploads\/2026\/01\/kk55-anh-8.webp 1920w, https:\/\/losstre.uk.com\/wp-content\/uploads\/2026\/01\/kk55-anh-8-300x70.webp 300w, https:\/\/losstre.uk.com\/wp-content\/uploads\/2026\/01\/kk55-anh-8-1024x240.webp 1024w, https:\/\/losstre.uk.com\/wp-content\/uploads\/2026\/01\/kk55-anh-8-768x180.webp 768w, https:\/\/losstre.uk.com\/wp-content\/uploads\/2026\/01\/kk55-anh-8-1536x360.webp 1536w\" sizes=\"auto, (max-width: 1920px) 100vw, 1920px\" \/>\t\t\t\t\t\t\n\t\t\t\t\t<\/div>\n\t\t\t\t\t\t<\/a>\t\t\n<style>\n#image_1575574924 {\n  width: 100%;\n}\n<\/style>\n\t<\/div>\n\t\n     <\/div>\n\n     <div class=\"loading-spin dark large centered\"><\/div>\n\n\t<\/div>\n\n\n\t\t<\/div>\n\n\t\t\n<style>\n#section_659826929 {\n  padding-top: 30px;\n  padding-bottom: 30px;\n}\n<\/style>\n\t<\/section>\n\t\n\n\t<section class=\"section\" id=\"section_687376259\">\n\t\t<div class=\"section-bg fill\" >\n\t\t\t\t\t\t\t\t\t\n\t\t\t\n\n\t\t<\/div>\n\n\t\t\n\n\t\t<div class=\"section-content relative\">\n\t\t\t\n<div class=\"row\"  id=\"row-506341773\">\n\n\t<div id=\"col-1841113042\" class=\"col small-12 large-12\"  >\n\t\t\t\t<div class=\"col-inner\"  >\n\t\t\t\n\t<div class=\"is-border\"\n\t\tstyle=\"border-color:rgb(7, 83, 248);border-radius:66px;border-width:5px 5px 5px 5px;margin:-15px 0px -10px -10px;\">\n\t<\/div>\n\t\t\t\n<h2>KK55.Com Link Truy C\u1eadp T\u1ea3i APP \u0110\u0103ng K\u00fd \u0110\u0103ng Nh\u1eadp Ch\u00ednh Th\u1ee9c Nh\u00e0 C\u00e1i KK55 +88K<\/h2>\n<p><a href=\"https:\/\/losstre.uk.com\/link\/1\" target=\"_blank\" rel=\"noopener\"><img loading=\"lazy\" decoding=\"async\" class=\"aligncenter wp-image-84 size-full\" src=\"http:\/\/losstre.uk.com\/wp-content\/uploads\/2026\/01\/kk55-com.png\" alt=\"losstre.uk.com\" width=\"1885\" height=\"1231\" srcset=\"https:\/\/losstre.uk.com\/wp-content\/uploads\/2026\/01\/kk55-com.png 1885w, https:\/\/losstre.uk.com\/wp-content\/uploads\/2026\/01\/kk55-com-300x196.png 300w, https:\/\/losstre.uk.com\/wp-content\/uploads\/2026\/01\/kk55-com-1024x669.png 1024w, https:\/\/losstre.uk.com\/wp-content\/uploads\/2026\/01\/kk55-com-768x502.png 768w, https:\/\/losstre.uk.com\/wp-content\/uploads\/2026\/01\/kk55-com-1536x1003.png 1536w\" sizes=\"auto, (max-width: 1885px) 100vw, 1885px\" \/><\/a><\/p>\n<blockquote>\n<p><span style=\"color: #0000ff;\"><a style=\"color: #0000ff;\" href=\"https:\/\/losstre.uk.com\/\" target=\"_blank\" rel=\"noopener\"><strong>KK55<\/strong><\/a><\/span> \u0111\u01b0\u1ee3c bi\u1ebft \u0111\u1ebfn l\u00e0 m\u1ed9t trong nh\u1eefng nh\u00e0 c\u00e1i qu\u1ed1c t\u1ebf uy t\u00edn h\u00e0ng \u0111\u1ea7u th\u1ecb tr\u01b0\u1eddng hi\u1ec7n nay, ch\u00ednh th\u1ee9c m\u1edf c\u1eeda \u0111\u00f3n h\u1ed9i vi\u00ean v\u00e0o \u0111\u1ea7u n\u0103m 2026 \u0111em \u0111\u1ebfn cho b\u1ea1n \u0111\u01b0\u1ee3c tr\u1ea3i nghi\u1ec7m v\u1edbi nhi\u1ec1u tr\u00f2 ch\u01a1i \u0111\u1eb3ng c\u1ea5p h\u1ea5p d\u1eabn nh\u01b0: Casino, Game B\u00e0i, B\u1eafn C\u00e1, N\u1ed5 H\u0169, Th\u1ec3 Thao, X\u1ed5 S\u1ed1,&#8230; v\u00e0 nhi\u1ec1u tr\u00f2 ch\u01a1i kh\u00e1c c\u00f9ng nh\u1eefng \u01b0u \u0111\u00e3i h\u1ea5p d\u1eabn m\u00e0 KK55 Com \u0111em \u0111\u1ebfn cho b\u1ea1n v\u00e0 ng\u01b0\u1eddi d\u00f9ng. T\u1ea3i App v\u00e0 \u0110\u0103ng K\u00fd KK 55 ngay \u0111\u1eebng b\u1ecf l\u1ee1 nhi\u1ec1u \u01b0u \u0111\u00e3i nh\u00e9!!!!<\/p>\n<\/blockquote>\n\t\t<\/div>\n\t\t\t\t\n<style>\n#col-1841113042 > .col-inner {\n  padding: 10px 10px 10px 10px;\n  margin: 10px 10px 10px 10px;\n}\n<\/style>\n\t<\/div>\n\n\t\n\n<style>\n#row-506341773 > .col > .col-inner {\n  padding: 10px 10px 10px 10px;\n}\n<\/style>\n<\/div>\n\t\t<\/div>\n\n\t\t\n<style>\n#section_687376259 {\n  padding-top: 30px;\n  padding-bottom: 30px;\n}\n<\/style>\n\t<\/section>\n\t\n","protected":false},"excerpt":{"rendered":"","protected":false},"author":1,"featured_media":71,"parent":0,"menu_order":0,"comment_status":"closed","ping_status":"closed","template":"page-blank.php","meta":{"footnotes":""},"class_list":["post-20","page","type-page","status-publish","has-post-thumbnail","hentry"],"_links":{"self":[{"href":"https:\/\/losstre.uk.com\/index.php?rest_route=\/wp\/v2\/pages\/20","targetHints":{"allow":["GET"]}}],"collection":[{"href":"https:\/\/losstre.uk.com\/index.php?rest_route=\/wp\/v2\/pages"}],"about":[{"href":"https:\/\/losstre.uk.com\/index.php?rest_route=\/wp\/v2\/types\/page"}],"author":[{"embeddable":true,"href":"https:\/\/losstre.uk.com\/index.php?rest_route=\/wp\/v2\/users\/1"}],"replies":[{"embeddable":true,"href":"https:\/\/losstre.uk.com\/index.php?rest_route=%2Fwp%2Fv2%2Fcomments&post=20"}],"version-history":[{"count":9,"href":"https:\/\/losstre.uk.com\/index.php?rest_route=\/wp\/v2\/pages\/20\/revisions"}],"predecessor-version":[{"id":95,"href":"https:\/\/losstre.uk.com\/index.php?rest_route=\/wp\/v2\/pages\/20\/revisions\/95"}],"wp:featuredmedia":[{"embeddable":true,"href":"https:\/\/losstre.uk.com\/index.php?rest_route=\/wp\/v2\/media\/71"}],"wp:attachment":[{"href":"https:\/\/losstre.uk.com\/index.php?rest_route=%2Fwp%2Fv2%2Fmedia&parent=20"}],"curies":[{"name":"wp","href":"https:\/\/api.w.org\/{rel}","templated":true}]}}